{"id":122,"date":"2024-04-20T15:14:07","date_gmt":"2024-04-20T13:14:07","guid":{"rendered":"https:\/\/avicsa.com\/?page_id=122"},"modified":"2024-05-29T12:38:43","modified_gmt":"2024-05-29T10:38:43","slug":"avis-legal","status":"publish","type":"page","link":"https:\/\/avicsa.com\/ca\/avis-legal\/","title":{"rendered":"Av\u00eds Legal"},"content":{"rendered":"\t\t<div data-elementor-type=\"wp-page\" data-elementor-id=\"122\" class=\"elementor elementor-122\" data-elementor-post-type=\"page\">\n\t\t\t\t<div class=\"elementor-element elementor-element-3a643eb9 e-flex e-con-boxed e-con e-parent\" data-id=\"3a643eb9\" data-element_type=\"container\">\n\t\t\t\t\t<div class=\"e-con-inner\">\n\t\t<div class=\"elementor-element elementor-element-ab37417 e-con-full e-flex e-con e-child\" data-id=\"ab37417\" data-element_type=\"container\">\n\t\t<div class=\"elementor-element elementor-element-33154c8 e-flex e-con-boxed elementor-invisible e-con e-child\" data-id=\"33154c8\" data-element_type=\"container\" data-settings=\"{&quot;animation&quot;:&quot;fadeIn&quot;}\">\n\t\t\t\t\t<div class=\"e-con-inner\">\n\t\t\t\t<div class=\"elementor-element elementor-element-05ab449 elementor-widget__width-initial elementor-widget elementor-widget-heading\" data-id=\"05ab449\" data-element_type=\"widget\" data-widget_type=\"heading.default\">\n\t\t\t\t<div class=\"elementor-widget-container\">\n\t\t\t<style>\/*! elementor - v3.23.0 - 05-08-2024 *\/\n.elementor-heading-title{padding:0;margin:0;line-height:1}.elementor-widget-heading .elementor-heading-title[class*=elementor-size-]>a{color:inherit;font-size:inherit;line-height:inherit}.elementor-widget-heading .elementor-heading-title.elementor-size-small{font-size:15px}.elementor-widget-heading .elementor-heading-title.elementor-size-medium{font-size:19px}.elementor-widget-heading .elementor-heading-title.elementor-size-large{font-size:29px}.elementor-widget-heading .elementor-heading-title.elementor-size-xl{font-size:39px}.elementor-widget-heading .elementor-heading-title.elementor-size-xxl{font-size:59px}<\/style><h2 class=\"elementor-heading-title elementor-size-default\">Av\u00eds Legal<\/h2>\t\t<\/div>\n\t\t\t\t<\/div>\n\t\t\t\t<div class=\"elementor-element elementor-element-db62d69 elementor-widget elementor-widget-heading\" data-id=\"db62d69\" data-element_type=\"widget\" data-widget_type=\"heading.default\">\n\t\t\t\t<div class=\"elementor-widget-container\">\n\t\t\t<h3 class=\"elementor-heading-title elementor-size-default\">RESPONSABLE:<\/h3>\t\t<\/div>\n\t\t\t\t<\/div>\n\t\t\t\t<div class=\"elementor-element elementor-element-3eaf570 elementor-widget elementor-widget-heading\" data-id=\"3eaf570\" data-element_type=\"widget\" data-widget_type=\"heading.default\">\n\t\t\t\t<div class=\"elementor-widget-container\">\n\t\t\t<p class=\"elementor-heading-title elementor-size-default\"><b>Identitat:<br><\/b>Avicsa Sabors Selectes<\/p>\t\t<\/div>\n\t\t\t\t<\/div>\n\t\t\t\t<div class=\"elementor-element elementor-element-0ecc9e0 elementor-widget elementor-widget-heading\" data-id=\"0ecc9e0\" data-element_type=\"widget\" data-widget_type=\"heading.default\">\n\t\t\t\t<div class=\"elementor-widget-container\">\n\t\t\t<p class=\"elementor-heading-title elementor-size-default\"><b>NIF:<br><\/b>B25046285<\/p>\t\t<\/div>\n\t\t\t\t<\/div>\n\t\t\t\t<div class=\"elementor-element elementor-element-16e0a2c elementor-widget elementor-widget-heading\" data-id=\"16e0a2c\" data-element_type=\"widget\" data-widget_type=\"heading.default\">\n\t\t\t\t<div class=\"elementor-widget-container\">\n\t\t\t<p class=\"elementor-heading-title elementor-size-default\"><b>Direcci\u00f3 postal: <br><\/b>Pol. Ind. Cam\u00ed dels Frares, <br>Carrer J, parc 16, nau 6<\/p>\t\t<\/div>\n\t\t\t\t<\/div>\n\t\t\t\t<div class=\"elementor-element elementor-element-7d52e2a elementor-widget elementor-widget-heading\" data-id=\"7d52e2a\" data-element_type=\"widget\" data-widget_type=\"heading.default\">\n\t\t\t\t<div class=\"elementor-widget-container\">\n\t\t\t<p class=\"elementor-heading-title elementor-size-default\"><a href=\"tel:(+34)%2097%20325%2073%2010\u200b\"><b>Tel\u00e8fon: <br><\/b>(+34) 97 325 73 10<\/a><\/p>\t\t<\/div>\n\t\t\t\t<\/div>\n\t\t\t\t<div class=\"elementor-element elementor-element-41654a2 elementor-widget elementor-widget-heading\" data-id=\"41654a2\" data-element_type=\"widget\" data-widget_type=\"heading.default\">\n\t\t\t\t<div class=\"elementor-widget-container\">\n\t\t\t<p class=\"elementor-heading-title elementor-size-default\"><a href=\"mailto:oficina@avicsa.com\u200b\"><b>Correu electr\u00f2nic: <br><\/b>oficina@avicsa.com<\/a><\/p>\t\t<\/div>\n\t\t\t\t<\/div>\n\t\t\t\t\t<\/div>\n\t\t\t\t<\/div>\n\t\t\t\t<\/div>\n\t\t<div class=\"elementor-element elementor-element-4a4b7f0 e-flex e-con-boxed elementor-invisible e-con e-child\" data-id=\"4a4b7f0\" data-element_type=\"container\" data-settings=\"{&quot;animation&quot;:&quot;fadeIn&quot;}\">\n\t\t\t\t\t<div class=\"e-con-inner\">\n\t\t\t\t<div class=\"elementor-element elementor-element-8d78314 elementor-widget elementor-widget-text-editor\" data-id=\"8d78314\" data-element_type=\"widget\" data-widget_type=\"text-editor.default\">\n\t\t\t\t<div class=\"elementor-widget-container\">\n\t\t\t<style>\/*! elementor - v3.23.0 - 05-08-2024 *\/\n.elementor-widget-text-editor.elementor-drop-cap-view-stacked .elementor-drop-cap{background-color:#69727d;color:#fff}.elementor-widget-text-editor.elementor-drop-cap-view-framed .elementor-drop-cap{color:#69727d;border:3px solid;background-color:transparent}.elementor-widget-text-editor:not(.elementor-drop-cap-view-default) .elementor-drop-cap{margin-top:8px}.elementor-widget-text-editor:not(.elementor-drop-cap-view-default) .elementor-drop-cap-letter{width:1em;height:1em}.elementor-widget-text-editor .elementor-drop-cap{float:left;text-align:center;line-height:1;font-size:50px}.elementor-widget-text-editor .elementor-drop-cap-letter{display:inline-block}<\/style>\t\t\t\t<p>El titular d&#8217;aquest lloc web \u00e9s AVICSA Sabors Selectes SL, amb CIF \/ NIF B25046285, amb domicili al Pol\u00edgon Industrial &#8220;Cam\u00ed dels Frares&#8221;, Carrer J, Parcel\u00b7la 16, nau 6, amb codi postal 25190, de LLEIDA, Espanya.<\/p>\n<p>L&#8217;acc\u00e9s a la p\u00e0gina web d&#8217;AVICSA sabors \u00e9s gratu\u00eft. Tot el contingut \u00e9s propietat intel\u00b7lectual d&#8217;AVICSA Sabors Selectes SL. Qualsevol utilitzaci\u00f3 dels mateixos contr\u00e0ria a les normes en mat\u00e8ria de propietat intel\u00b7lectual ser\u00e0 perseguida d&#8217;acord amb la legislaci\u00f3 vigent.<\/p>\n<p>Des d&#8217;AVICSA SABORS SELECTES, S.L., hem actualitzat la nostra pol\u00edtica de privacitat de protecci\u00f3 de dades en virtut al nou Reglament (UE) 2016\/679 que va entrar en vigor el 25 de maig de 2018. Com a conseq\u00fc\u00e8ncia d&#8217;aix\u00f2, necessitem que ens remetin aquest document signat amb el seu consentiment expr\u00e9s per al tractament de les seves dades de car\u00e0cter personal.<\/p>\t\t\t\t\t\t<\/div>\n\t\t\t\t<\/div>\n\t\t<div class=\"elementor-element elementor-element-ef45d02 e-flex e-con-boxed e-con e-child\" data-id=\"ef45d02\" data-element_type=\"container\">\n\t\t\t\t\t<div class=\"e-con-inner\">\n\t\t\t\t<div class=\"elementor-element elementor-element-e0202c3 elementor-widget elementor-widget-heading\" data-id=\"e0202c3\" data-element_type=\"widget\" data-widget_type=\"heading.default\">\n\t\t\t\t<div class=\"elementor-widget-container\">\n\t\t\t<h3 class=\"elementor-heading-title elementor-size-default\">FINALITAT, LEGITIMACI\u00d3, DESTINATARIS, DRETS I PROCED\u00c8NCIA:<\/h3>\t\t<\/div>\n\t\t\t\t<\/div>\n\t\t\t\t<div class=\"elementor-element elementor-element-32847c8 elementor-widget elementor-widget-text-editor\" data-id=\"32847c8\" data-element_type=\"widget\" data-widget_type=\"text-editor.default\">\n\t\t\t\t<div class=\"elementor-widget-container\">\n\t\t\t\t\t\t\t<p>En nom de l&#8217;empresa tractem la informaci\u00f3 que ens facilita per tal d&#8217;oferir el servei sol\u00b7licitat i realitzar la facturaci\u00f3 del mateix. Les dades proporcionades es conservaran mentre es mantingui la relaci\u00f3 comercial o durant els anys necessaris per complir amb les obligacions legals, i no s&#8217;eliminaran si l&#8217;usuari no ho demana.<\/p>\n<p>Les dades no es cediran a tercers excepte en els casos en qu\u00e8 hi hagi una obligaci\u00f3 legal. Vost\u00e8 t\u00e9 dret a obtenir confirmaci\u00f3 sobre si a AVICSA SABORS SELECTES estem tractant les seves dades personals, per tant t\u00e9 dret a accedir a les seves dades personals, rectificar les dades inexactes o sol\u00b7licitar la seva supressi\u00f3 quan les dades ja no siguin necess\u00e0ries. Les dades personals que tractem a l&#8217;empresa procedeixen directament de vost\u00e8.<\/p>\n<p>A continuaci\u00f3 enumerem les possibles dades que podem obtenir de vost\u00e8, en funci\u00f3 de la prestaci\u00f3 de serveis que tingui amb nosaltres: dades d&#8217;identificaci\u00f3, CIF\/NIF, adreces postals o electr\u00f2niques, tel\u00e8fons, informaci\u00f3 comercial i dades econ\u00f2miques. En cap cas tractem amb dades protegides, de salut o altres dades de car\u00e0cter privat, ni elaborem perfils de clients en funci\u00f3 d&#8217;aquests.<\/p>\t\t\t\t\t\t<\/div>\n\t\t\t\t<\/div>\n\t\t\t\t\t<\/div>\n\t\t\t\t<\/div>\n\t\t\t\t\t<\/div>\n\t\t\t\t<\/div>\n\t\t\t\t\t<\/div>\n\t\t\t\t<\/div>\n\t\t\t\t<\/div>\n\t\t","protected":false},"excerpt":{"rendered":"<p>Av\u00eds Legal RESPONSABLE: Identitat:Avicsa Sabors Selectes NIF:B25046285 Direcci\u00f3 postal: Pol. Ind. Cam\u00ed dels Frares, Carrer J, parc 16, nau 6 Tel\u00e8fon: (+34) 97 325 73 10 Correu electr\u00f2nic: oficina@avicsa.com El titular d&#8217;aquest lloc web \u00e9s AVICSA Sabors Selectes SL, amb CIF \/ NIF B25046285, amb domicili al Pol\u00edgon Industrial &#8220;Cam\u00ed dels Frares&#8221;, Carrer J, Parcel\u00b7la [&hellip;]<\/p>\n","protected":false},"author":1,"featured_media":0,"parent":0,"menu_order":0,"comment_status":"closed","ping_status":"closed","template":"","meta":{"_acf_changed":false,"footnotes":""},"class_list":["post-122","page","type-page","status-publish","hentry"],"acf":[],"_links":{"self":[{"href":"https:\/\/avicsa.com\/ca\/wp-json\/wp\/v2\/pages\/122","targetHints":{"allow":["GET"]}}],"collection":[{"href":"https:\/\/avicsa.com\/ca\/wp-json\/wp\/v2\/pages"}],"about":[{"href":"https:\/\/avicsa.com\/ca\/wp-json\/wp\/v2\/types\/page"}],"author":[{"embeddable":true,"href":"https:\/\/avicsa.com\/ca\/wp-json\/wp\/v2\/users\/1"}],"replies":[{"embeddable":true,"href":"https:\/\/avicsa.com\/ca\/wp-json\/wp\/v2\/comments?post=122"}],"version-history":[{"count":35,"href":"https:\/\/avicsa.com\/ca\/wp-json\/wp\/v2\/pages\/122\/revisions"}],"predecessor-version":[{"id":1477,"href":"https:\/\/avicsa.com\/ca\/wp-json\/wp\/v2\/pages\/122\/revisions\/1477"}],"wp:attachment":[{"href":"https:\/\/avicsa.com\/ca\/wp-json\/wp\/v2\/media?parent=122"}],"curies":[{"name":"wp","href":"https:\/\/api.w.org\/{rel}","templated":true}]}}