{"id":4008,"date":"2025-12-24T10:19:15","date_gmt":"2025-12-24T09:19:15","guid":{"rendered":"https:\/\/avicsa.com\/?page_id=4008"},"modified":"2025-12-24T10:19:18","modified_gmt":"2025-12-24T09:19:18","slug":"faq","status":"publish","type":"page","link":"https:\/\/avicsa.com\/ca\/faq\/","title":{"rendered":"FAQ"},"content":{"rendered":"\n<div style=\"height:35px\" aria-hidden=\"true\" class=\"wp-block-spacer\"><\/div>\n\n\n\n<h1 class=\"wp-block-heading\">Respostes a les preguntes m\u00e9s freq\u00fcents<\/h1>\n\n\n\n<h2 class=\"wp-block-heading\">DISTRIBUCI\u00d3<\/h2>\n\n\n\n<h3 class=\"wp-block-heading\"><strong>Quins tipus de productes distribu\u00efu?<\/strong>&nbsp;<\/h3>\n\n\n\n<p>Seleccionem i distribu\u00efm tota mena de <strong>productes gourmet per al sector HORECA i botigues d\u2019alimentaci\u00f3<\/strong>. A la nostra secci\u00f3 de productes hi trobar\u00e0s carn, pernil, embotits, formatges, peix i marisc, precuinats, \u00e0nec, postres i molt m\u00e9s.\u00a0<\/p>\n\n\n\n<h3 class=\"wp-block-heading\"><strong>Quines zones geogr\u00e0fiques cobreix el vostre servei de distribuci\u00f3?<\/strong>&nbsp;<\/h3>\n\n\n\n<p>Ens trobem a Lleida i distribu\u00efm la nostra gastronomia selecta a les <strong>prov\u00edncies de Lleida, Tarragona i a la Franja d\u2019Arag\u00f3.<\/strong>\u00a0\u00a0<\/p>\n\n\n\n<h3 class=\"wp-block-heading\"><strong>Quin \u00e9s el temps d\u2019entrega habitual?<\/strong>&nbsp;<\/h3>\n\n\n\n<p>Per norma general, <strong>entre 12 i 48 hores<\/strong>, a excepci\u00f3 dels productes d\u2019enc\u00e0rrec.\u00a0<\/p>\n\n\n\n<h3 class=\"wp-block-heading\"><strong>\u00c9s possible visitar les instal\u00b7lacions o rebre mostres dels productes?<\/strong>&nbsp;<\/h3>\n\n\n\n<p>Tant si ens vols fer una visita com si vols tastar qualsevol dels nostres productes, <strong><a href=\"https:\/\/avicsa.com\/ca\/contacte\/\" data-type=\"link\" data-id=\"https:\/\/avicsa.com\/ca\/contacte\/\">CONTACTA AMB NOSALTRES<\/a><\/strong> i el nostre equip comercial es posar\u00e0 en contacte amb tu.\u00a0<\/p>\n\n\n\n<div style=\"height:35px\" aria-hidden=\"true\" class=\"wp-block-spacer\"><\/div>\n\n\n\n<h2 class=\"wp-block-heading\">QUALITAT\u00a0<\/h2>\n\n\n\n<h3 class=\"wp-block-heading\"><strong>Teniu certificacions de qualitat o seguretat aliment\u00e0ria?<\/strong>&nbsp;<\/h3>\n\n\n\n<p>El nostre departament de qualitat no nom\u00e9s garanteix la <strong>seguretat aliment\u00e0ria de tots els productes<\/strong>, sin\u00f3 que tamb\u00e9 <strong>monitoritza en temps real<\/strong> possibles desviacions en la qualitat dels productes per tal de <strong>mantenir una regularitat<\/strong>.<\/p>\n\n\n\n<div style=\"height:35px\" aria-hidden=\"true\" class=\"wp-block-spacer\"><\/div>\n\n\n\n<h2 class=\"wp-block-heading\">EMPRESA\u00a0<\/h2>\n\n\n\n<h3 class=\"wp-block-heading\"><strong>Quins avantatges t\u00e9 treballar amb la&nbsp;nostra empresa respecte a altres distribu\u00efdors?<\/strong>&nbsp;<\/h3>\n\n\n\n<ol start=\"1\" class=\"wp-block-list\">\n<li><strong>Log\u00edstica:<\/strong>\u00a0Comptem amb\u00a0<strong>10\u00a0furgons permanents tots els dies laborables de l\u2019any<\/strong>, donant servei 12\/48h.\u00a0Les nostres instal\u00b7lacions i flota ens permeten <strong>mantenir la cadena de fred<\/strong>\u00a0tant pel\u00a0producte fresc com pel\u00a0congelat\u00a0<strong>en tot moment<\/strong>.\u00a0<\/li>\n<\/ol>\n\n\n\n<ol start=\"2\" class=\"wp-block-list\">\n<li><strong>Instal\u00b7lacions:\u00a0<\/strong>Comptem amb 3000 m<sup>2\u00a0<\/sup>\u00a0. Disposem de <strong>sala de maduraci\u00f3<\/strong>, especejament\u00a0per a la carn\u00a0i, per als pernils, <strong>assecador i sala de desossament<\/strong>.\u00a0<\/li>\n<\/ol>\n\n\n\n<ol start=\"3\" class=\"wp-block-list\">\n<li><strong>Experi\u00e8ncia:<\/strong>\u00a0<strong>M\u00e9s de 50 anys d\u2019experi\u00e8ncia<\/strong> ens avalen al mercat.\u00a0<\/li>\n<\/ol>\n\n\n\n<ol start=\"4\" class=\"wp-block-list\">\n<li><strong>Qualitat:\u00a0<\/strong>Treballem sense descans per oferir-te <strong>productes de la millor qualitat al millor preu<\/strong>.\u00a0<\/li>\n<\/ol>\n\n\n\n<ol start=\"5\" class=\"wp-block-list\">\n<li><strong>Assessorament:\u00a0<\/strong>Donem <strong>servei d\u2019assessorament gastron\u00f2mic i suport als establiments del sector HORECA.<\/strong><\/li>\n<\/ol>\n\n\n\n<ol start=\"6\" class=\"wp-block-list\">\n<li><strong>Sostenibilitat:<\/strong>\u00a0<strong>Plaques solars<\/strong> instal\u00b7lades a la coberta de les nostres naus i <strong>punts de rec\u00e0rrega per a vehicles el\u00e8ctrics<\/strong>.\u00a0Tamb\u00e9 <strong>col\u00b7laborem amb el Banc d\u2019Aliments<\/strong> i treballem per reduir el malbaratament.\u00a0<\/li>\n<\/ol>\n\n\n\n<div style=\"height:35px\" aria-hidden=\"true\" class=\"wp-block-spacer\"><\/div>\n\n\n\n<h2 class=\"wp-block-heading\">PRODUCTES I SERVEIS\u00a0<\/h2>\n\n\n\n<h3 class=\"wp-block-heading\"><strong>Treballeu amb producte fresc, congelat o ambd\u00f3s?&nbsp;Com garantiu la cadena de fred durant el transport?<\/strong>&nbsp;<\/h3>\n\n\n\n<p>Treballem tant amb <strong>producte fresc com congelat<\/strong>. Disposem de <strong>c\u00e0meres de refrigeraci\u00f3 i congelaci\u00f3<\/strong> per mantenir i <strong>conservar cada producte en condicions \u00f2ptimes<\/strong>. La nostra flota pr\u00f2pia \u00e9s capa\u00e7 de <strong>transportar producte fresc i congelat\u00a0<\/strong>mantenint la cadena de fred en tot moment.\u00a0<\/p>\n\n\n\n<h3 class=\"wp-block-heading\"><strong>Oferiu assessorament gastron\u00f2mic o suport a cuiners i responsables de compra?<\/strong>&nbsp;<\/h3>\n\n\n\n<p>Si, <strong>tenim servei d\u2019assessorament gastron\u00f2mic<\/strong> per a establiments del sector HORECA, amb el qual et podem ajudar de diverses maneres:\u00a0<\/p>\n\n\n\n<ul class=\"wp-block-list\">\n<li>Recolzem el teu equip de <strong>cuina<\/strong>.\u00a0<\/li>\n<\/ul>\n\n\n\n<ul class=\"wp-block-list\">\n<li>T\u2019ajudem a formar el teu <strong>equip de sala<\/strong>.\u00a0<\/li>\n<\/ul>\n\n\n\n<ul class=\"wp-block-list\">\n<li>Fem <strong>propostes gastron\u00f2miques<\/strong> per a la teva carta o men\u00fa.\u00a0<\/li>\n<\/ul>\n\n\n\n<ul class=\"wp-block-list\">\n<li>Et donem idees de <strong>maridatges i formaci\u00f3 en vins<\/strong>.\u00a0<\/li>\n<\/ul>\n\n\n\n<ul class=\"wp-block-list\">\n<li>T\u2019ajudem a <strong>treballar els escandalls<\/strong>.\u00a0<\/li>\n<\/ul>\n\n\n\n<h3 class=\"wp-block-heading\"><strong>Treballeu amb productes de marques pr\u00f2pies o nom\u00e9s amb marques externes?<\/strong>&nbsp;<\/h3>\n\n\n\n<p>Comptem amb marques pr\u00f2pies de carn madurada (<strong>Meat\u00a0The\u00a0Good<\/strong>) i de pernil seleccionat i tallat a m\u00e0 (<strong>Bontast<\/strong>). A banda d\u2019aquestes dues marques pr\u00f2pies, som <strong>distribu\u00efdors exclusius<\/strong> de\u00a0diverses\u00a0marques de productes gourmet d\u2019arreu d\u2019Espanya i\u00a0algunes altres d\u2019Europa.\u00a0<\/p>\n\n\n\n<h3 class=\"wp-block-heading\"><strong>Qu\u00e8 \u00e9s Meat\u00a0The\u00a0Good?<\/strong>\u00a0<\/h3>\n\n\n\n<p><strong>Meat\u00a0The\u00a0Good\u00a0es la nostra marca pr\u00f2pia de carn madurada.<\/strong> Una selecci\u00f3 de talls i peces de la millor qualitat, que maduren i es\u00a0tallen\u00a0a les nostres instal\u00b7lacions.\u00a0Si vols saber-ne m\u00e9s, consulta l\u2019apartat de <strong>Meat\u00a0The\u00a0Good<\/strong>.\u00a0<\/p>\n\n\n\n<h3 class=\"wp-block-heading\"><strong>Qu\u00e8 \u00e9s&nbsp;BonTast?<\/strong>&nbsp;<\/h3>\n\n\n\n<p>Tots i cada un dels pernils\u00a0BonTast\u00a0han estat seleccionats un per un a les instal\u00b7lacions dels nostres prove\u00efdors. Tenim el <strong>control total de la selecci\u00f3, el tall i l\u2019envasament de tots els pernils que distribu\u00efm sota la marca\u00a0BonTast<\/strong>: desossats, centres i <a href=\"https:\/\/avicsa.com\/ca\/producte\/sobres-de-pernil\/\" data-type=\"link\" data-id=\"https:\/\/avicsa.com\/ca\/producte\/sobres-de-pernil\/\">sobres de pernil llescat<\/a>.\u00a0<\/p>\n\n\n\n<h3 class=\"wp-block-heading\"><strong>Feu distribuci\u00f3 de formatges artesans?<\/strong>&nbsp;<\/h3>\n\n\n\n<p>Si, <strong>formem part del <a href=\"https:\/\/avicsa.com\/ca\/productes\/formatges\/\" data-type=\"link\" data-id=\"https:\/\/avicsa.com\/ca\/productes\/formatges\/\">projecte\u00a0Cheesepeante<\/a><\/strong>, que agrupa <strong>alguns dels millors formatges artesans de proximitat<\/strong>. Fes una ullada al<a href=\"https:\/\/avicsa.com\/wp-content\/uploads\/2024\/06\/Cataleg-Cheesepeante_2025_Avicsa.pdf\" data-type=\"link\" data-id=\"https:\/\/avicsa.com\/wp-content\/uploads\/2024\/06\/Cataleg-Cheesepeante_2025_Avicsa.pdf\"> cat\u00e0leg\u00a0Cheesepeante<\/a>.\u00a0<\/p>\n\n\n\n<h3 class=\"wp-block-heading\"><strong>Distribu\u00efu productes de cinquena gamma?<\/strong>\u00a0<\/h3>\n\n\n\n<p>Si, disposem d&#8217;un ampli cat\u00e0leg de productes de cinquena gamma i altres complements i precuinats per a les cuines professionals. A m\u00e9s, t&#8217;assessorem en la integraci\u00f3 de la cinquena gamma a la teva cuina. Si vols saber m\u00e9s sobre la cinquena gamma i com aquests productes et poden ajudar a optimitzar temps i recursos en el teu dia a dia, consulta l&#8217;<a href=\"https:\/\/avicsa.com\/ca\/revista\/cinquena-gamma-i-altres-complements\/\" data-type=\"link\" data-id=\"https:\/\/avicsa.com\/ca\/revista\/cinquena-gamma-i-altres-complements\/\">edici\u00f3 9 de la nostra revista gaston\u00f2mica<\/a>.<\/p>\n\n\n\n<div style=\"height:35px\" aria-hidden=\"true\" class=\"wp-block-spacer\"><\/div>\n\n\n\n<h2 class=\"wp-block-heading\">MEAT THE GOOD\u00a0<\/h2>\n\n\n\n<h3 class=\"wp-block-heading\"><strong>Qu\u00e8 t\u00e9 de diferent la carn madurada respecte a la carn fresca?<\/strong>&nbsp;<\/h3>\n\n\n\n<p>El proc\u00e9s de maduraci\u00f3 en sec (<strong>Dry\u00a0Aged<\/strong>)\u00a0es duu a terme en unes <strong>condicions molt concretes de temperatura, humitat i circulaci\u00f3 d\u2019aire.<\/strong>\u00a0Mitjan\u00e7ant aquest proc\u00e9s de maduraci\u00f3, <strong>la carn es torna m\u00e9s tendra i f\u00e0cil de mastegar, el gust es potencia i adquireix unes notes agradables, espec\u00edfiques de la carn madurada.<\/strong>\u00a0Vols con\u00e8ixer m\u00e9s? Tot el que has de saber sobre la carn madurada ho trobar\u00e0s a la <strong><a href=\"https:\/\/avicsa.com\/ca\/revista\/especial-carn-madurada-i-meat-the-good\/\" data-type=\"link\" data-id=\"https:\/\/avicsa.com\/ca\/revista\/especial-carn-madurada-i-meat-the-good\/\">vuitena edici\u00f3 de nostra revista SABORS SELECTES<\/a><\/strong>.\u00a0<\/p>\n\n\n\n<h3 class=\"wp-block-heading\"><strong>Durant quant de temps es madura la carn\u00a0Meat\u00a0The\u00a0Good?<\/strong>\u00a0<\/h3>\n\n\n\n<p>Nosaltres tenim un <strong>est\u00e0ndard de 25 dies<\/strong>, i en algunes peces molt concretes i selectes, ho allarguem m\u00e9s enll\u00e0 de les 6 setmanes.\u00a0<\/p>\n\n\n\n<h3 class=\"wp-block-heading\"><strong>Quins talls de carn s\u2019ofereixen sota la marca\u00a0Meat\u00a0The\u00a0Good?<\/strong>\u00a0<\/h3>\n\n\n\n<p>La varietat de les peces dep\u00e8n de cada categoria, per\u00f2 trobar\u00e0s una <strong>\u00e0mplia varietat de talls, des de lloms sencers, 8 costelles, filets, medallons, entrecots o costelles individuals.<\/strong>\u202f\u00a0<\/p>\n\n\n\n<h3 class=\"wp-block-heading\"><strong>Quines categories hi ha sota la marca\u00a0Meat\u00a0The\u00a0Good?<\/strong>\u00a0<\/h3>\n\n\n\n<p>Agrupem la carn madurada Meat\u00a0The\u00a0Good\u00a0en tres categories diferents:\u00a0<\/p>\n\n\n\n<p><strong>Delta:<\/strong>\u00a0La categoria Delta ofereix una\u202f<strong>relaci\u00f3 qualitat-preu excepcional<\/strong>. Aquesta primera categoria de partida MEAT THE GOOD ja exigeix uns est\u00e0ndards que superen els m\u00ednims\u00a0establerts al mercat de la carn madurada. Una\u202f<strong>\u00e0mplia gamma<\/strong>\u202fde peces amb una molt bona\u202f<strong>infiltraci\u00f3, tendresa<\/strong>\u202fi amb un\u202f<strong>gust suau<\/strong>\u202fa carn madurada.\u00a0<\/p>\n\n\n\n<p><strong>Alfa:<\/strong>\u00a0La categoria\u202f<strong>Alfa<\/strong>, d&#8217;una qualitat superior, destaca per la seva\u202f<strong>tendresa, textura i melositat<\/strong>. Presenta un\u202f<strong>gust m\u00e9s potent i m\u00e9s infiltraci\u00f3<\/strong>\u202fque la categoria anterior.\u00a0\u00a0<\/p>\n\n\n\n<p><strong>Doble Alfa:\u00a0<\/strong>La categoria\u202fDoble Alfa\u202fagrupa\u202f<strong>les millors carns madurades de la nostra selecci\u00f3<\/strong>. Una carn\u202fmolt tendra, amb molt bona conformaci\u00f3, un\u202fexcel\u00b7lent nivell d&#8217;infiltraci\u00f3\u202fi que presenta un\u202fgust m\u00e9s intens\u202fque les categories anteriors.\u202fAqu\u00ed\u00a0trobem peces amb\u202funa maduraci\u00f3\u00a0m\u00ednima de 6 setmanes.\u202f\u00a0<\/p>\n\n\n\n<h3 class=\"wp-block-heading\"><strong>Com es garanteix la qualitat i seguretat aliment\u00e0ria de la carn madurada?<\/strong>&nbsp;<\/h3>\n\n\n\n<p>Treballem la carn madurada en\u00a0instal\u00b7lacions pr\u00f2pies on es segueixen unes <strong>estrictes normes de neteja i d\u2019higiene<\/strong>. A m\u00e9s,\u00a0disposem d\u2019un equip intern de <strong>persones expertes en la selecci\u00f3, el maneig i la transformaci\u00f3 de la carn<\/strong>.\u00a0<\/p>\n\n\n\n<div style=\"height:35px\" aria-hidden=\"true\" class=\"wp-block-spacer\"><\/div>\n\n\n\n<h2 class=\"wp-block-heading\">COMANDES\u00a0<\/h2>\n\n\n\n<h3 class=\"wp-block-heading\"><strong>Quines zones geogr\u00e0fiques cobreix el servei de distribuci\u00f3 de\u00a0Meat\u00a0The\u00a0Good?<\/strong>\u00a0<\/h3>\n\n\n\n<p>Com la resta dels nostres productes, distribu\u00efm la carn Meat\u00a0The\u00a0Good\u00a0a les prov\u00edncies de Lleida, Tarragona i a la Franja d\u2019Arag\u00f3.\u00a0<\/p>\n\n\n\n<h3 class=\"wp-block-heading\"><strong>Es poden fer comandes personalitzades de carn madurada?<\/strong>&nbsp;<\/h3>\n\n\n\n<p><strong>Oferim la possibilitat de tenir maduracions i talls personalitzats segons les necessitats dels nostres clients.<\/strong> Podem personalitzar tota l\u2019oferta de la nostra marca, ja que <strong>la produ\u00efm, manipulem i gestionem 100% a les nostres instal\u00b7lacions.<\/strong>\u00a0<\/p>\n\n\n\n<h3 class=\"wp-block-heading\"><strong>\u00c9s possible rebre mostres de productes\u00a0Meat\u00a0The\u00a0Good?\u00a0<\/strong><\/h3>\n\n\n\n<p>Si vols\u00a0saber m\u00e9s o\u00a0tastar qualsevol dels nostres productes, <strong><a href=\"https:\/\/avicsa.com\/ca\/contacte\/\" data-type=\"link\" data-id=\"https:\/\/avicsa.com\/ca\/contacte\/\">CONTACTA AMB NOSALTRES<\/a><\/strong> i el nostre equip comercial es posar\u00e0 en contacte amb tu.\u00a0<\/p>\n\n\n\n<div style=\"height:35px\" aria-hidden=\"true\" class=\"wp-block-spacer\"><\/div>\n\n\n\n<p><\/p>\n","protected":false},"excerpt":{"rendered":"<p>Respostes a les preguntes m\u00e9s freq\u00fcents DISTRIBUCI\u00d3 Quins tipus de productes distribu\u00efu?&nbsp; Seleccionem i distribu\u00efm tota mena de productes gourmet per al sector HORECA i botigues d\u2019alimentaci\u00f3. A la nostra secci\u00f3 de productes hi trobar\u00e0s carn, pernil, embotits, formatges, peix i marisc, precuinats, \u00e0nec, postres i molt m\u00e9s.\u00a0 Quines zones geogr\u00e0fiques cobreix el vostre servei [&hellip;]<\/p>\n","protected":false},"author":2,"featured_media":0,"parent":0,"menu_order":0,"comment_status":"closed","ping_status":"closed","template":"","meta":{"_acf_changed":false,"footnotes":""},"class_list":["post-4008","page","type-page","status-publish","hentry"],"acf":[],"_links":{"self":[{"href":"https:\/\/avicsa.com\/ca\/wp-json\/wp\/v2\/pages\/4008","targetHints":{"allow":["GET"]}}],"collection":[{"href":"https:\/\/avicsa.com\/ca\/wp-json\/wp\/v2\/pages"}],"about":[{"href":"https:\/\/avicsa.com\/ca\/wp-json\/wp\/v2\/types\/page"}],"author":[{"embeddable":true,"href":"https:\/\/avicsa.com\/ca\/wp-json\/wp\/v2\/users\/2"}],"replies":[{"embeddable":true,"href":"https:\/\/avicsa.com\/ca\/wp-json\/wp\/v2\/comments?post=4008"}],"version-history":[{"count":7,"href":"https:\/\/avicsa.com\/ca\/wp-json\/wp\/v2\/pages\/4008\/revisions"}],"predecessor-version":[{"id":4015,"href":"https:\/\/avicsa.com\/ca\/wp-json\/wp\/v2\/pages\/4008\/revisions\/4015"}],"wp:attachment":[{"href":"https:\/\/avicsa.com\/ca\/wp-json\/wp\/v2\/media?parent=4008"}],"curies":[{"name":"wp","href":"https:\/\/api.w.org\/{rel}","templated":true}]}}